{"id":7,"date":"2022-05-04T16:24:41","date_gmt":"2022-05-04T14:24:41","guid":{"rendered":"https:\/\/demosites.royal-elementor-addons.com\/carwash-v1\/?page_id=7"},"modified":"2026-01-12T16:31:53","modified_gmt":"2026-01-12T15:31:53","slug":"home-carwash-v1","status":"publish","type":"page","link":"https:\/\/jawa-stiftung.de\/","title":{"rendered":"Start"},"content":{"rendered":"\t\t<div data-elementor-type=\"wp-page\" data-elementor-id=\"7\" class=\"elementor elementor-7\">\n\t\t\t\t<div class=\"elementor-element elementor-element-305f11f80 e-flex e-con-boxed wpr-particle-no wpr-jarallax-no wpr-parallax-no wpr-sticky-section-no e-con e-parent\" data-id=\"305f11f80\" data-element_type=\"container\" data-settings=\"{&quot;background_background&quot;:&quot;classic&quot;}\">\n\t\t\t\t\t<div class=\"e-con-inner\">\n\t\t<div class=\"elementor-element elementor-element-7dc8ad8f e-con-full e-flex wpr-particle-no wpr-jarallax-no wpr-parallax-no wpr-sticky-section-no e-con e-child\" data-id=\"7dc8ad8f\" data-element_type=\"container\">\n\t\t\t\t<div class=\"elementor-element elementor-element-749d7e79 wpr-fancy-text-slide wpr-advanced-text-style-animated wpr-animated-text-infinite-yes elementor-invisible elementor-widget elementor-widget-wpr-advanced-text\" data-id=\"749d7e79\" data-element_type=\"widget\" data-settings=\"{&quot;_animation&quot;:&quot;zoomIn&quot;,&quot;_animation_delay&quot;:100,&quot;anim_loop&quot;:&quot;yes&quot;}\" data-widget_type=\"wpr-advanced-text.default\">\n\t\t\t\t\t\n\t\t<h3 class=\"wpr-advanced-text\">\n\n\t\t\t\t\t\n\t\t\t\t\t\t\t<span class=\"wpr-advanced-text-preffix\">JAWA-Stiftung<\/span>\n\t\t\t\n\t\t<span class=\"wpr-anim-text wpr-anim-text-type-slide\" data-anim-duration=\"2000,2000\" data-anim-loop=\"yes\">\n\t\t\t<span class=\"wpr-anim-text-inner\">\n\t\t\t\t\t\t\t<\/span>\n\t\t\t\t\t<\/span>\n\n\t\t\t\t\n\t\t<\/h3>\n\t\t\n\t\t\t\t\t\t<\/div>\n\t\t\t\t<div class=\"elementor-element elementor-element-1f69fc68 elementor-invisible elementor-widget elementor-widget-text-editor\" data-id=\"1f69fc68\" data-element_type=\"widget\" data-settings=\"{&quot;_animation&quot;:&quot;zoomIn&quot;,&quot;_animation_delay&quot;:200}\" data-widget_type=\"text-editor.default\">\n\t\t\t\t\t\t\t\t\t<p>\u00a0 \u00a0 \u00a0 \u00a0 \u00a0 \u00a0 \u00a0 \u00a0 \u00a0 \u00a0 \u00a0 \u00a0 zur F\u00f6rderung der Palliativmedizin.<\/p>\t\t\t\t\t\t\t\t<\/div>\n\t\t\t\t<\/div>\n\t\t\t\t\t<\/div>\n\t\t\t\t<\/div>\n\t\t\t\t<section class=\"elementor-section elementor-top-section elementor-element elementor-element-40372cef elementor-section-boxed elementor-section-height-default elementor-section-height-default wpr-particle-no wpr-jarallax-no wpr-parallax-no wpr-sticky-section-no\" data-id=\"40372cef\" data-element_type=\"section\">\n\t\t\t\t\t\t<div class=\"elementor-container elementor-column-gap-default\">\n\t\t\t\t\t<div class=\"elementor-column elementor-col-100 elementor-top-column elementor-element elementor-element-5549b9a4\" data-id=\"5549b9a4\" data-element_type=\"column\">\n\t\t\t<div class=\"elementor-widget-wrap elementor-element-populated\">\n\t\t\t\t\t\t<div class=\"elementor-element elementor-element-5b1e6a6d elementor-widget elementor-widget-heading\" data-id=\"5b1e6a6d\" data-element_type=\"widget\" data-widget_type=\"heading.default\">\n\t\t\t\t\t<h2 class=\"elementor-heading-title elementor-size-default\">JAWA-Stiftung zur F\u00f6rderung der Palliativmedizin<\/h2>\t\t\t\t<\/div>\n\t\t\t\t<div class=\"elementor-element elementor-element-7f605e65 elementor-widget-divider--view-line elementor-widget elementor-widget-divider\" data-id=\"7f605e65\" data-element_type=\"widget\" data-widget_type=\"divider.default\">\n\t\t\t\t\t\t\t<div class=\"elementor-divider\">\n\t\t\t<span class=\"elementor-divider-separator\">\n\t\t\t\t\t\t<\/span>\n\t\t<\/div>\n\t\t\t\t\t\t<\/div>\n\t\t\t\t\t<\/div>\n\t\t<\/div>\n\t\t\t\t\t<\/div>\n\t\t<\/section>\n\t\t<div class=\"elementor-element elementor-element-6fba8df0 e-flex e-con-boxed wpr-particle-no wpr-jarallax-no wpr-parallax-no wpr-sticky-section-no e-con e-parent\" data-id=\"6fba8df0\" data-element_type=\"container\">\n\t\t\t\t\t<div class=\"e-con-inner\">\n\t\t\t\t<div class=\"elementor-element elementor-element-7d2243ab elementor-widget elementor-widget-text-editor\" data-id=\"7d2243ab\" data-element_type=\"widget\" data-widget_type=\"text-editor.default\">\n\t\t\t\t\t\t\t\t\t<p>Die Palliativmedizin umfasst die aktive, ganzheitliche Behandlung von Patienten mit unheilbaren, fortschreitenden Erkrankungen, die auf die Linderung von Schmerzen und belastenden Beschwerden abzielt, um die Lebensqualit\u00e4t zu verbessern und das Sterben als nat\u00fcrlichen Prozess zu akzeptieren, ohne es zu beschleunigen oder zu verz\u00f6gern. Sie umfasst die Behandlung von k\u00f6rperlichen, psychischen, sozialen und spirituellen Problemen bei Patienten und Angeh\u00f6rigen, integriert sich oft fr\u00fchzeitig in den Behandlungsverlauf und arbeitet interdisziplin\u00e4r.<\/p><p>\u00a0<\/p><p>Die JAWA-Stiftung steht f\u00fcr die F\u00f6rderung der Palliativmedizin und f\u00fcr die Unterst\u00fctzung von Forschung und Entwicklung zur Behandlung von lebensverk\u00fcrzenden Erkrankungen.<\/p><p>\u00a0<\/p><p>Wir m\u00f6chten unsere Zuwendungen vorzugsweise in projektbezogene Ma\u00dfnahmen investieren und freuen uns auf Ihre Kontaktaufnahme!<\/p><p>\u00a0<\/p><p>Jutta und Wilfried Ahrens<\/p><p>Stiftungsgr\u00fcnder<\/p>\t\t\t\t\t\t\t\t<\/div>\n\t\t\t\t\t<\/div>\n\t\t\t\t<\/div>\n\t\t\t\t<\/div>\n\t\t","protected":false},"excerpt":{"rendered":"<p>JAWA-Stiftung \u00a0 \u00a0 \u00a0 \u00a0 \u00a0 \u00a0 \u00a0 \u00a0 \u00a0 \u00a0 \u00a0 \u00a0 zur F\u00f6rderung der Palliativmedizin. JAWA-Stiftung zur F\u00f6rderung der Palliativmedizin Die Palliativmedizin umfasst die aktive, ganzheitliche Behandlung von Patienten mit unheilbaren, fortschreitenden Erkrankungen, die auf die Linderung von Schmerzen und belastenden Beschwerden abzielt, um die Lebensqualit\u00e4t zu verbessern und das Sterben als nat\u00fcrlichen Prozess zu akzeptieren, ohne es zu beschleunigen oder zu verz\u00f6gern. Sie umfasst die Behandlung von k\u00f6rperlichen, psychischen, sozialen und spirituellen Problemen bei Patienten und Angeh\u00f6rigen, integriert sich oft fr\u00fchzeitig in den Behandlungsverlauf und arbeitet interdisziplin\u00e4r. \u00a0 Die JAWA-Stiftung steht f\u00fcr die F\u00f6rderung der Palliativmedizin und f\u00fcr die Unterst\u00fctzung von Forschung und Entwicklung zur Behandlung von lebensverk\u00fcrzenden Erkrankungen. \u00a0 Wir m\u00f6chten unsere Zuwendungen vorzugsweise in projektbezogene Ma\u00dfnahmen investieren und freuen uns auf Ihre Kontaktaufnahme! \u00a0 Jutta und Wilfried Ahrens Stiftungsgr\u00fcnder<\/p>\n","protected":false},"author":1,"featured_media":0,"parent":0,"menu_order":0,"comment_status":"closed","ping_status":"closed","template":"elementor_canvas","meta":{"footnotes":""},"class_list":["post-7","page","type-page","status-publish","hentry"],"_links":{"self":[{"href":"https:\/\/jawa-stiftung.de\/index.php?rest_route=\/wp\/v2\/pages\/7","targetHints":{"allow":["GET"]}}],"collection":[{"href":"https:\/\/jawa-stiftung.de\/index.php?rest_route=\/wp\/v2\/pages"}],"about":[{"href":"https:\/\/jawa-stiftung.de\/index.php?rest_route=\/wp\/v2\/types\/page"}],"author":[{"embeddable":true,"href":"https:\/\/jawa-stiftung.de\/index.php?rest_route=\/wp\/v2\/users\/1"}],"replies":[{"embeddable":true,"href":"https:\/\/jawa-stiftung.de\/index.php?rest_route=%2Fwp%2Fv2%2Fcomments&post=7"}],"version-history":[{"count":10,"href":"https:\/\/jawa-stiftung.de\/index.php?rest_route=\/wp\/v2\/pages\/7\/revisions"}],"predecessor-version":[{"id":2273,"href":"https:\/\/jawa-stiftung.de\/index.php?rest_route=\/wp\/v2\/pages\/7\/revisions\/2273"}],"wp:attachment":[{"href":"https:\/\/jawa-stiftung.de\/index.php?rest_route=%2Fwp%2Fv2%2Fmedia&parent=7"}],"curies":[{"name":"wp","href":"https:\/\/api.w.org\/{rel}","templated":true}]}}