{"id":12,"date":"2022-05-04T16:25:11","date_gmt":"2022-05-04T14:25:11","guid":{"rendered":"https:\/\/demosites.royal-elementor-addons.com\/carwash-v1\/?page_id=12"},"modified":"2026-01-14T00:14:43","modified_gmt":"2026-01-13T23:14:43","slug":"services","status":"publish","type":"page","link":"https:\/\/jawa-stiftung.de\/?page_id=12","title":{"rendered":"Stiftung"},"content":{"rendered":"\t\t<div data-elementor-type=\"wp-page\" data-elementor-id=\"12\" class=\"elementor elementor-12\">\n\t\t\t\t\t\t<section class=\"elementor-section elementor-top-section elementor-element elementor-element-61af1664 elementor-section-height-min-height elementor-section-boxed elementor-section-height-default elementor-section-items-middle wpr-particle-no wpr-jarallax-no wpr-parallax-no wpr-sticky-section-no\" data-id=\"61af1664\" data-element_type=\"section\" data-settings=\"{&quot;background_background&quot;:&quot;classic&quot;}\">\n\t\t\t\t\t\t\t<div class=\"elementor-background-overlay\"><\/div>\n\t\t\t\t\t\t\t<div class=\"elementor-container elementor-column-gap-default\">\n\t\t\t\t\t<div class=\"elementor-column elementor-col-100 elementor-top-column elementor-element elementor-element-47745b81\" data-id=\"47745b81\" data-element_type=\"column\">\n\t\t\t<div class=\"elementor-widget-wrap\">\n\t\t\t\t\t\t\t<\/div>\n\t\t<\/div>\n\t\t\t\t\t<\/div>\n\t\t<\/section>\n\t\t\t\t<section class=\"elementor-section elementor-top-section elementor-element elementor-element-ff282b2 elementor-section-boxed elementor-section-height-default elementor-section-height-default wpr-particle-no wpr-jarallax-no wpr-parallax-no wpr-sticky-section-no\" data-id=\"ff282b2\" data-element_type=\"section\">\n\t\t\t\t\t\t<div class=\"elementor-container elementor-column-gap-default\">\n\t\t\t\t\t<div class=\"elementor-column elementor-col-100 elementor-top-column elementor-element elementor-element-9f587d8\" data-id=\"9f587d8\" data-element_type=\"column\">\n\t\t\t<div class=\"elementor-widget-wrap elementor-element-populated\">\n\t\t\t\t\t\t<div class=\"elementor-element elementor-element-2e471c9 elementor-widget elementor-widget-heading\" data-id=\"2e471c9\" data-element_type=\"widget\" data-widget_type=\"heading.default\">\n\t\t\t\t\t<h2 class=\"elementor-heading-title elementor-size-default\">JAWA<\/h2>\t\t\t\t<\/div>\n\t\t\t\t<div class=\"elementor-element elementor-element-049f916 elementor-widget elementor-widget-heading\" data-id=\"049f916\" data-element_type=\"widget\" data-widget_type=\"heading.default\">\n\t\t\t\t\t<h2 class=\"elementor-heading-title elementor-size-default\">Die Stiftung<\/h2>\t\t\t\t<\/div>\n\t\t\t\t<div class=\"elementor-element elementor-element-5d5edee elementor-widget-divider--view-line elementor-widget elementor-widget-divider\" data-id=\"5d5edee\" data-element_type=\"widget\" data-widget_type=\"divider.default\">\n\t\t\t\t\t\t\t<div class=\"elementor-divider\">\n\t\t\t<span class=\"elementor-divider-separator\">\n\t\t\t\t\t\t<\/span>\n\t\t<\/div>\n\t\t\t\t\t\t<\/div>\n\t\t\t\t\t<\/div>\n\t\t<\/div>\n\t\t\t\t\t<\/div>\n\t\t<\/section>\n\t\t<div class=\"elementor-element elementor-element-0c5a5a3 e-flex e-con-boxed wpr-particle-no wpr-jarallax-no wpr-parallax-no wpr-sticky-section-no e-con e-parent\" data-id=\"0c5a5a3\" data-element_type=\"container\">\n\t\t\t\t\t<div class=\"e-con-inner\">\n\t\t\t\t<div class=\"elementor-element elementor-element-ac3e805 elementor-widget elementor-widget-text-editor\" data-id=\"ac3e805\" data-element_type=\"widget\" data-widget_type=\"text-editor.default\">\n\t\t\t\t\t\t\t\t\t<p>Die \u201eJAWA-Stiftung zur F\u00f6rderung der Palliativmedizin\u201c wurde am 14.10.2014 von den Eheleuten Jutta und Wilfried Ahrens errichtet und von der Aufsichts- und Dienstleistungsdirektion Trier als rechtsf\u00e4hige \u00f6ffentliche Stiftung des b\u00fcrgerlichen Rechts anerkannt. Die Stiftung ist kapitalerhaltend.<\/p><p>Die Stiftung f\u00f6rdert die Gesundheitspflege, die Wissenschaft und die Berufsausbildung auf dem Gebiet der palliativen Versorgung in Rheinland-Pfalz und anderen Bundesl\u00e4ndern.<\/p><p>Die Stiftung ist selbstlos t\u00e4tig. Sie verfolgt keine eigenwirtschaftlichen Zwecke. Die Mittel der Stiftung d\u00fcrfen nur f\u00fcr die satzungsm\u00e4\u00dfigen Zwecke verwendet werden.<\/p><p><strong>\u00a0<\/strong><\/p><p><strong>Zwecke der Stiftung sind die F\u00f6rderung:<\/strong><\/p><p><span style=\"font-size: 1rem;\">\u2022<\/span><span style=\"font-size: 1rem;\">\u2060 von Wissenschaft und Forschung (vgl. \u00a7 52 Abs. 2 Nr. 1 AO).<\/span><\/p><p>\u2022\u2060 des \u00f6ffentlichen Gesundheitswesens und der \u00f6ffentlichen Gesundheitspflege, insbesondere die Verh\u00fctung und Bek\u00e4mpfung von \u00fcbertragbaren Krankheiten,\u00a0 \u00a0 \u00a0 \u00a0 \u00a0 auch durch Krankenh\u00e4user im Sinne des \u00a7 67, und von Tierseuchen (vgl. \u00a7 52 Abs. 2 Nr. 3 AO).<\/p><p>\u2022\u2060 der Erziehung, Volks- und Berufsbildung einschlie\u00dflich der Studentenhilfe (vgl. \u00a7 52 Abs. 2 Nr. 7 AO).<\/p>\t\t\t\t\t\t\t\t<\/div>\n\t\t\t\t\t<\/div>\n\t\t\t\t<\/div>\n\t\t\t\t<\/div>\n\t\t","protected":false},"excerpt":{"rendered":"<p>JAWA Die Stiftung Die \u201eJAWA-Stiftung zur F\u00f6rderung der Palliativmedizin\u201c wurde am 14.10.2014 von den Eheleuten Jutta und Wilfried Ahrens errichtet und von der Aufsichts- und Dienstleistungsdirektion Trier als rechtsf\u00e4hige \u00f6ffentliche Stiftung des b\u00fcrgerlichen Rechts anerkannt. Die Stiftung ist kapitalerhaltend. Die Stiftung f\u00f6rdert die Gesundheitspflege, die Wissenschaft und die Berufsausbildung auf dem Gebiet der palliativen Versorgung in Rheinland-Pfalz und anderen Bundesl\u00e4ndern. Die Stiftung ist selbstlos t\u00e4tig. Sie verfolgt keine eigenwirtschaftlichen Zwecke. Die Mittel der Stiftung d\u00fcrfen nur f\u00fcr die satzungsm\u00e4\u00dfigen Zwecke verwendet werden. \u00a0 Zwecke der Stiftung sind die F\u00f6rderung: \u2022\u2060 von Wissenschaft und Forschung (vgl. \u00a7 52 Abs. 2 Nr. 1 AO). \u2022\u2060 des \u00f6ffentlichen Gesundheitswesens und der \u00f6ffentlichen Gesundheitspflege, insbesondere die Verh\u00fctung und Bek\u00e4mpfung von \u00fcbertragbaren Krankheiten,\u00a0 \u00a0 \u00a0 \u00a0 \u00a0 auch durch Krankenh\u00e4user im Sinne des \u00a7 67, und von Tierseuchen (vgl. \u00a7 52 Abs. 2 Nr. 3 AO). \u2022\u2060 der Erziehung, Volks- und Berufsbildung einschlie\u00dflich der Studentenhilfe (vgl. \u00a7 52 Abs. 2 Nr. 7 AO).<\/p>\n","protected":false},"author":1,"featured_media":0,"parent":0,"menu_order":0,"comment_status":"closed","ping_status":"closed","template":"elementor_canvas","meta":{"footnotes":""},"class_list":["post-12","page","type-page","status-publish","hentry"],"_links":{"self":[{"href":"https:\/\/jawa-stiftung.de\/index.php?rest_route=\/wp\/v2\/pages\/12","targetHints":{"allow":["GET"]}}],"collection":[{"href":"https:\/\/jawa-stiftung.de\/index.php?rest_route=\/wp\/v2\/pages"}],"about":[{"href":"https:\/\/jawa-stiftung.de\/index.php?rest_route=\/wp\/v2\/types\/page"}],"author":[{"embeddable":true,"href":"https:\/\/jawa-stiftung.de\/index.php?rest_route=\/wp\/v2\/users\/1"}],"replies":[{"embeddable":true,"href":"https:\/\/jawa-stiftung.de\/index.php?rest_route=%2Fwp%2Fv2%2Fcomments&post=12"}],"version-history":[{"count":10,"href":"https:\/\/jawa-stiftung.de\/index.php?rest_route=\/wp\/v2\/pages\/12\/revisions"}],"predecessor-version":[{"id":2370,"href":"https:\/\/jawa-stiftung.de\/index.php?rest_route=\/wp\/v2\/pages\/12\/revisions\/2370"}],"wp:attachment":[{"href":"https:\/\/jawa-stiftung.de\/index.php?rest_route=%2Fwp%2Fv2%2Fmedia&parent=12"}],"curies":[{"name":"wp","href":"https:\/\/api.w.org\/{rel}","templated":true}]}}