{"id":1154,"date":"2025-12-14T23:38:42","date_gmt":"2025-12-14T22:38:42","guid":{"rendered":"https:\/\/jawa-stiftung.de\/?page_id=1154"},"modified":"2026-01-14T15:25:30","modified_gmt":"2026-01-14T14:25:30","slug":"abbruch-und-entkernungsarbeiten","status":"publish","type":"page","link":"https:\/\/jawa-stiftung.de\/?page_id=1154","title":{"rendered":"Ziele"},"content":{"rendered":"\t\t<div data-elementor-type=\"wp-page\" data-elementor-id=\"1154\" class=\"elementor elementor-1154\">\n\t\t\t\t\t\t<section class=\"elementor-section elementor-top-section elementor-element elementor-element-41a86676 elementor-section-height-min-height elementor-section-boxed elementor-section-height-default elementor-section-items-middle wpr-particle-no wpr-jarallax-no wpr-parallax-no wpr-sticky-section-no\" data-id=\"41a86676\" data-element_type=\"section\" data-settings=\"{&quot;background_background&quot;:&quot;classic&quot;}\">\n\t\t\t\t\t\t\t<div class=\"elementor-background-overlay\"><\/div>\n\t\t\t\t\t\t\t<div class=\"elementor-container elementor-column-gap-default\">\n\t\t\t\t\t<div class=\"elementor-column elementor-col-100 elementor-top-column elementor-element elementor-element-74aecb0c\" data-id=\"74aecb0c\" data-element_type=\"column\">\n\t\t\t<div class=\"elementor-widget-wrap\">\n\t\t\t\t\t\t\t<\/div>\n\t\t<\/div>\n\t\t\t\t\t<\/div>\n\t\t<\/section>\n\t\t\t\t<section class=\"elementor-section elementor-top-section elementor-element elementor-element-2b270e16 elementor-section-boxed elementor-section-height-default elementor-section-height-default wpr-particle-no wpr-jarallax-no wpr-parallax-no wpr-sticky-section-no\" data-id=\"2b270e16\" data-element_type=\"section\">\n\t\t\t\t\t\t<div class=\"elementor-container elementor-column-gap-default\">\n\t\t\t\t\t<div class=\"elementor-column elementor-col-100 elementor-top-column elementor-element elementor-element-79cd8652\" data-id=\"79cd8652\" data-element_type=\"column\">\n\t\t\t<div class=\"elementor-widget-wrap elementor-element-populated\">\n\t\t\t\t\t\t<div class=\"elementor-element elementor-element-55483f4e elementor-widget elementor-widget-heading\" data-id=\"55483f4e\" data-element_type=\"widget\" data-widget_type=\"heading.default\">\n\t\t\t\t\t<h2 class=\"elementor-heading-title elementor-size-default\">JAWA<\/h2>\t\t\t\t<\/div>\n\t\t\t\t<div class=\"elementor-element elementor-element-65f698e0 elementor-widget elementor-widget-heading\" data-id=\"65f698e0\" data-element_type=\"widget\" data-widget_type=\"heading.default\">\n\t\t\t\t\t<h2 class=\"elementor-heading-title elementor-size-default\">Unsere Ziele<\/h2>\t\t\t\t<\/div>\n\t\t\t\t<div class=\"elementor-element elementor-element-6c13a816 elementor-widget-divider--view-line elementor-widget elementor-widget-divider\" data-id=\"6c13a816\" data-element_type=\"widget\" data-widget_type=\"divider.default\">\n\t\t\t\t\t\t\t<div class=\"elementor-divider\">\n\t\t\t<span class=\"elementor-divider-separator\">\n\t\t\t\t\t\t<\/span>\n\t\t<\/div>\n\t\t\t\t\t\t<\/div>\n\t\t\t\t\t<\/div>\n\t\t<\/div>\n\t\t\t\t\t<\/div>\n\t\t<\/section>\n\t\t\t\t<section class=\"elementor-section elementor-top-section elementor-element elementor-element-6a65b18b elementor-section-boxed elementor-section-height-default elementor-section-height-default wpr-particle-no wpr-jarallax-no wpr-parallax-no wpr-sticky-section-no\" data-id=\"6a65b18b\" data-element_type=\"section\">\n\t\t\t\t\t\t<div class=\"elementor-container elementor-column-gap-wide\">\n\t\t\t\t\t<div class=\"elementor-column elementor-col-100 elementor-top-column elementor-element elementor-element-6b6ff44f\" data-id=\"6b6ff44f\" data-element_type=\"column\">\n\t\t\t<div class=\"elementor-widget-wrap elementor-element-populated\">\n\t\t\t\t\t\t<div class=\"elementor-element elementor-element-567d934 elementor-widget elementor-widget-text-editor\" data-id=\"567d934\" data-element_type=\"widget\" data-widget_type=\"text-editor.default\">\n\t\t\t\t\t\t\t\t\t<p>Die Ziele der Stiftung sind die F\u00f6rderung der Palliativmedizin und die Unterst\u00fctzung von Forschung und Entwicklung zur Bek\u00e4mpfung von lebensverk\u00fcrzenden Krankheiten durch<\/p><p>\u2022\u2060 die finanzielle F\u00f6rderung von Forschungsprojekten an staatlichen und privaten Universit\u00e4ten, Hochschulen, Fachhochschulen, Krankenh\u00e4usern, Laboren\u00a0 \u00a0 \u00a0 \u00a0 sowie Wissenschafts- und Forschungseinrichtungen, die vor allem der Bek\u00e4mpfung und Behandlung von Krebs- und anderen schweren Erkrankungen\u00a0 \u00a0 \u00a0 \u00a0 \u00a0 \u00a0 dienen;<\/p><p>\u2022\u2060 \u2060die finanzielle Unterst\u00fctzung von gemeinn\u00fctzigen staatlichen und privaten Krankenh\u00e4usern und von gemeinn\u00fctzigen Organisationen, die geeignete\u00a0 \u00a0 \u00a0 \u00a0 \u00a0 \u00a0 \u00a0 \u00a0 Ma\u00dfnahmen zur palliativmedizinischen Behandlung schwerkranker Menschen anbieten und im Bereich der Palliativmedizin ausbilden;<\/p><p>\u2022\u2060 \u2060die ideelle und finanzielle F\u00f6rderung des Aufbaus neuer palliativer Einrichtungen;<\/p><p>\u2022\u2060 die ideelle und finanzielle F\u00f6rderung des Ausbaus bestehender palliativer Einrichtungen;<\/p><p>\u2022\u2060 die ideelle und finanzielle F\u00f6rderung von Personalausbildungs-Ma\u00dfnahmen in der Palliativmedizin;<\/p><p>\u2022\u2060 die ideelle und finanzielle F\u00f6rderung von wissenschaftlichen Arbeiten zur Palliativmedizin;<\/p><p>\u2022\u2060 die ideelle und finanzielle F\u00f6rderung des Erfahrungsaustausches zwischen palliativen Einrichtungen<\/p><p><strong><span style=\"text-decoration: underline;\">Beispielhaft seien hier genannt:<\/span><\/strong><\/p><p>\u2022\u2060 Die finanzielle Beteiligung oder \u00dcbernahme von Kosten, die von anderen Leistungstr\u00e4gern nicht erbracht werden, z.B. therapeutische Ma\u00dfnahmen wie\u00a0 \u00a0 \u00a0 \u00a0 \u00a0 \u00a0Musiktherapie, Aromatherapie, Physiotherapie<\/p><p>\u2022\u2060 Aus- und Weiterbildung Palliative Care<\/p><p>\u2022\u2060 Ma\u00dfnahmen zur Unterst\u00fctzung von Angeh\u00f6rigen<\/p><p>\u2022\u2060 Trauerbegleitung<\/p><p>\u2022\u2060 Forschungsprojekte im KI-Umfeld<\/p>\t\t\t\t\t\t\t\t<\/div>\n\t\t\t\t\t<\/div>\n\t\t<\/div>\n\t\t\t\t\t<\/div>\n\t\t<\/section>\n\t\t\t\t<\/div>\n\t\t","protected":false},"excerpt":{"rendered":"<p>JAWA Unsere Ziele Die Ziele der Stiftung sind die F\u00f6rderung der Palliativmedizin und die Unterst\u00fctzung von Forschung und Entwicklung zur Bek\u00e4mpfung von lebensverk\u00fcrzenden Krankheiten durch \u2022\u2060 die finanzielle F\u00f6rderung von Forschungsprojekten an staatlichen und privaten Universit\u00e4ten, Hochschulen, Fachhochschulen, Krankenh\u00e4usern, Laboren\u00a0 \u00a0 \u00a0 \u00a0 sowie Wissenschafts- und Forschungseinrichtungen, die vor allem der Bek\u00e4mpfung und Behandlung von Krebs- und anderen schweren Erkrankungen\u00a0 \u00a0 \u00a0 \u00a0 \u00a0 \u00a0 dienen; \u2022\u2060 \u2060die finanzielle Unterst\u00fctzung von gemeinn\u00fctzigen staatlichen und privaten Krankenh\u00e4usern und von gemeinn\u00fctzigen Organisationen, die geeignete\u00a0 \u00a0 \u00a0 \u00a0 \u00a0 \u00a0 \u00a0 \u00a0 Ma\u00dfnahmen zur palliativmedizinischen Behandlung schwerkranker Menschen anbieten und im Bereich der Palliativmedizin ausbilden; \u2022\u2060 \u2060die ideelle und finanzielle F\u00f6rderung des Aufbaus neuer palliativer Einrichtungen; \u2022\u2060 die ideelle und finanzielle F\u00f6rderung des Ausbaus bestehender palliativer Einrichtungen; \u2022\u2060 die ideelle und finanzielle F\u00f6rderung von Personalausbildungs-Ma\u00dfnahmen in der Palliativmedizin; \u2022\u2060 die ideelle und finanzielle F\u00f6rderung von wissenschaftlichen Arbeiten zur Palliativmedizin; \u2022\u2060 die ideelle und finanzielle F\u00f6rderung des Erfahrungsaustausches zwischen palliativen Einrichtungen Beispielhaft seien hier genannt: \u2022\u2060 Die finanzielle Beteiligung oder \u00dcbernahme von Kosten, die von anderen Leistungstr\u00e4gern nicht erbracht werden, z.B. therapeutische Ma\u00dfnahmen wie\u00a0 \u00a0 \u00a0 \u00a0 \u00a0 \u00a0Musiktherapie, Aromatherapie, Physiotherapie \u2022\u2060 Aus- und Weiterbildung Palliative Care \u2022\u2060 Ma\u00dfnahmen zur Unterst\u00fctzung von Angeh\u00f6rigen \u2022\u2060 Trauerbegleitung \u2022\u2060 Forschungsprojekte im KI-Umfeld<\/p>\n","protected":false},"author":1,"featured_media":0,"parent":0,"menu_order":0,"comment_status":"closed","ping_status":"closed","template":"elementor_canvas","meta":{"footnotes":""},"class_list":["post-1154","page","type-page","status-publish","hentry"],"_links":{"self":[{"href":"https:\/\/jawa-stiftung.de\/index.php?rest_route=\/wp\/v2\/pages\/1154","targetHints":{"allow":["GET"]}}],"collection":[{"href":"https:\/\/jawa-stiftung.de\/index.php?rest_route=\/wp\/v2\/pages"}],"about":[{"href":"https:\/\/jawa-stiftung.de\/index.php?rest_route=\/wp\/v2\/types\/page"}],"author":[{"embeddable":true,"href":"https:\/\/jawa-stiftung.de\/index.php?rest_route=\/wp\/v2\/users\/1"}],"replies":[{"embeddable":true,"href":"https:\/\/jawa-stiftung.de\/index.php?rest_route=%2Fwp%2Fv2%2Fcomments&post=1154"}],"version-history":[{"count":10,"href":"https:\/\/jawa-stiftung.de\/index.php?rest_route=\/wp\/v2\/pages\/1154\/revisions"}],"predecessor-version":[{"id":2413,"href":"https:\/\/jawa-stiftung.de\/index.php?rest_route=\/wp\/v2\/pages\/1154\/revisions\/2413"}],"wp:attachment":[{"href":"https:\/\/jawa-stiftung.de\/index.php?rest_route=%2Fwp%2Fv2%2Fmedia&parent=1154"}],"curies":[{"name":"wp","href":"https:\/\/api.w.org\/{rel}","templated":true}]}}