{"id":1112,"date":"2025-12-14T23:10:46","date_gmt":"2025-12-14T22:10:46","guid":{"rendered":"https:\/\/jawa-stiftung.de\/?page_id=1112"},"modified":"2026-01-12T16:55:22","modified_gmt":"2026-01-12T15:55:22","slug":"impressum","status":"publish","type":"page","link":"https:\/\/jawa-stiftung.de\/?page_id=1112","title":{"rendered":"Impressum"},"content":{"rendered":"\t\t<div data-elementor-type=\"wp-page\" data-elementor-id=\"1112\" class=\"elementor elementor-1112\">\n\t\t\t\t<div class=\"elementor-element elementor-element-c24e033 e-flex e-con-boxed wpr-particle-no wpr-jarallax-no wpr-parallax-no wpr-sticky-section-no e-con e-parent\" data-id=\"c24e033\" data-element_type=\"container\">\n\t\t\t\t\t<div class=\"e-con-inner\">\n\t\t\t\t<div class=\"elementor-element elementor-element-68b35a73 elementor-widget elementor-widget-text-editor\" data-id=\"68b35a73\" data-element_type=\"widget\" data-widget_type=\"text-editor.default\">\n\t\t\t\t\t\t\t\t\t<p data-start=\"77\" data-end=\"90\"><strong data-start=\"77\" data-end=\"90\">Impressum<\/strong><\/p><p data-start=\"92\" data-end=\"117\"><strong data-start=\"92\" data-end=\"117\">Angaben gem\u00e4\u00df \u00a7 5 TMG<\/strong><\/p><p data-start=\"119\" data-end=\"192\">JAWA-Stiftung<br data-start=\"132\" data-end=\"135\" \/>Pfarrer-Gergen-Str. 3<br data-start=\"156\" data-end=\"159\" \/>55452 R\u00fcmmelsheim<br data-start=\"176\" data-end=\"179\" \/>Deutschland<\/p><p data-start=\"194\" data-end=\"255\">Telefon: +49 (0) 6721 45933<br data-start=\"221\" data-end=\"224\" \/>E-Mail: <a class=\"decorated-link cursor-pointer\" rel=\"noopener\" data-start=\"232\" data-end=\"253\">info@jawa-stiftung.de<\/a><\/p><hr data-start=\"257\" data-end=\"260\" \/><p data-start=\"262\" data-end=\"326\"><strong data-start=\"262\" data-end=\"276\">Rechtsform<\/strong><br data-start=\"276\" data-end=\"279\" \/>Rechtsf\u00e4hige Stiftung des b\u00fcrgerlichen Rechts<\/p><hr data-start=\"328\" data-end=\"331\" \/><p data-start=\"333\" data-end=\"369\"><strong data-start=\"333\" data-end=\"369\">Vertretungsberechtigter Vorstand<\/strong><\/p><p data-start=\"371\" data-end=\"566\">Wilfried Ahrens \u2013 Vorstandsvorsitzender<br data-start=\"410\" data-end=\"413\" \/>Silke Schander \u2013 stellvertretende Vorstandsvorsitzende<\/p><p data-start=\"371\" data-end=\"566\">Jutta Ahrens<br \/><span style=\"font-size: 1rem;\">Kurt Ensch<br \/><\/span>Dr. med. Brigitte Jage<br \/>Dr. med. Dagmar Kohrt<br \/>Prof. Dr. rer. pol. Josef Puchta<\/p><p data-start=\"608\" data-end=\"646\"><strong data-start=\"608\" data-end=\"624\">Stiftungsrat<\/strong><br data-start=\"624\" data-end=\"627\" \/>Tanja Susenburger<\/p><hr data-start=\"731\" data-end=\"734\" \/><p data-start=\"736\" data-end=\"987\"><strong data-start=\"736\" data-end=\"759\">Haftung f\u00fcr Inhalte<\/strong><br data-start=\"759\" data-end=\"762\" \/>Als Diensteanbieter sind wir gem\u00e4\u00df \u00a7 7 Abs. 1 TMG f\u00fcr eigene Inhalte auf diesen Seiten nach den allgemeinen Gesetzen verantwortlich. F\u00fcr die Richtigkeit, Vollst\u00e4ndigkeit und Aktualit\u00e4t der Inhalte \u00fcbernehmen wir keine Gew\u00e4hr.<\/p><hr data-start=\"989\" data-end=\"992\" \/><p data-start=\"994\" data-end=\"1196\"><strong data-start=\"994\" data-end=\"1015\">Haftung f\u00fcr Links<\/strong><br data-start=\"1015\" data-end=\"1018\" \/>Unsere Website enth\u00e4lt Links zu externen Websites Dritter. Auf deren Inhalte haben wir keinen Einfluss. Deshalb k\u00f6nnen wir f\u00fcr diese fremden Inhalte auch keine Gew\u00e4hr \u00fcbernehmen.<\/p><hr data-start=\"1198\" data-end=\"1201\" \/><p data-start=\"1203\" data-end=\"1461\" data-is-last-node=\"\" data-is-only-node=\"\"><strong data-start=\"1203\" data-end=\"1219\">Urheberrecht<\/strong><br data-start=\"1219\" data-end=\"1222\" \/>Die durch die JAWA-Stiftung erstellten Inhalte und Werke auf diesen Seiten unterliegen dem deutschen Urheberrecht. Jede Art der Verwertung au\u00dferhalb der Grenzen des Urheberrechts bedarf der vorherigen schriftlichen Zustimmung der Stiftung.<\/p>\t\t\t\t\t\t\t\t<\/div>\n\t\t\t\t\t<\/div>\n\t\t\t\t<\/div>\n\t\t\t\t<\/div>\n\t\t","protected":false},"excerpt":{"rendered":"<p>Impressum Angaben gem\u00e4\u00df \u00a7 5 TMG JAWA-StiftungPfarrer-Gergen-Str. 355452 R\u00fcmmelsheimDeutschland Telefon: +49 (0) 6721 45933E-Mail: info@jawa-stiftung.de RechtsformRechtsf\u00e4hige Stiftung des b\u00fcrgerlichen Rechts Vertretungsberechtigter Vorstand Wilfried Ahrens \u2013 VorstandsvorsitzenderSilke Schander \u2013 stellvertretende Vorstandsvorsitzende Jutta AhrensKurt EnschDr. med. Brigitte JageDr. med. Dagmar KohrtProf. Dr. rer. pol. Josef Puchta StiftungsratTanja Susenburger Haftung f\u00fcr InhalteAls Diensteanbieter sind wir gem\u00e4\u00df \u00a7 7 Abs. 1 TMG f\u00fcr eigene Inhalte auf diesen Seiten nach den allgemeinen Gesetzen verantwortlich. F\u00fcr die Richtigkeit, Vollst\u00e4ndigkeit und Aktualit\u00e4t der Inhalte \u00fcbernehmen wir keine Gew\u00e4hr. Haftung f\u00fcr LinksUnsere Website enth\u00e4lt Links zu externen Websites Dritter. Auf deren Inhalte haben wir keinen Einfluss. Deshalb k\u00f6nnen wir f\u00fcr diese fremden Inhalte auch keine Gew\u00e4hr \u00fcbernehmen. UrheberrechtDie durch die JAWA-Stiftung erstellten Inhalte und Werke auf diesen Seiten unterliegen dem deutschen Urheberrecht. Jede Art der Verwertung au\u00dferhalb der Grenzen des Urheberrechts bedarf der vorherigen schriftlichen Zustimmung der Stiftung.<\/p>\n","protected":false},"author":1,"featured_media":0,"parent":0,"menu_order":0,"comment_status":"closed","ping_status":"closed","template":"","meta":{"footnotes":""},"class_list":["post-1112","page","type-page","status-publish","hentry"],"_links":{"self":[{"href":"https:\/\/jawa-stiftung.de\/index.php?rest_route=\/wp\/v2\/pages\/1112","targetHints":{"allow":["GET"]}}],"collection":[{"href":"https:\/\/jawa-stiftung.de\/index.php?rest_route=\/wp\/v2\/pages"}],"about":[{"href":"https:\/\/jawa-stiftung.de\/index.php?rest_route=\/wp\/v2\/types\/page"}],"author":[{"embeddable":true,"href":"https:\/\/jawa-stiftung.de\/index.php?rest_route=\/wp\/v2\/users\/1"}],"replies":[{"embeddable":true,"href":"https:\/\/jawa-stiftung.de\/index.php?rest_route=%2Fwp%2Fv2%2Fcomments&post=1112"}],"version-history":[{"count":10,"href":"https:\/\/jawa-stiftung.de\/index.php?rest_route=\/wp\/v2\/pages\/1112\/revisions"}],"predecessor-version":[{"id":2304,"href":"https:\/\/jawa-stiftung.de\/index.php?rest_route=\/wp\/v2\/pages\/1112\/revisions\/2304"}],"wp:attachment":[{"href":"https:\/\/jawa-stiftung.de\/index.php?rest_route=%2Fwp%2Fv2%2Fmedia&parent=1112"}],"curies":[{"name":"wp","href":"https:\/\/api.w.org\/{rel}","templated":true}]}}