{"id":1102,"date":"2025-12-14T23:07:05","date_gmt":"2025-12-14T22:07:05","guid":{"rendered":"https:\/\/jawa-stiftung.de\/?page_id=1102"},"modified":"2026-01-14T00:26:08","modified_gmt":"2026-01-13T23:26:08","slug":"datenschutz","status":"publish","type":"page","link":"https:\/\/jawa-stiftung.de\/?page_id=1102","title":{"rendered":"Datenschutz"},"content":{"rendered":"\t\t<div data-elementor-type=\"wp-page\" data-elementor-id=\"1102\" class=\"elementor elementor-1102\">\n\t\t\t\t<div class=\"elementor-element elementor-element-1b1dd3ff e-flex e-con-boxed wpr-particle-no wpr-jarallax-no wpr-parallax-no wpr-sticky-section-no e-con e-parent\" data-id=\"1b1dd3ff\" data-element_type=\"container\">\n\t\t\t\t\t<div class=\"e-con-inner\">\n\t\t\t\t<div class=\"elementor-element elementor-element-3aea504e elementor-widget elementor-widget-text-editor\" data-id=\"3aea504e\" data-element_type=\"widget\" data-widget_type=\"text-editor.default\">\n\t\t\t\t\t\t\t\t\t<h2 data-start=\"136\" data-end=\"159\">Datenschutzerkl\u00e4rung<\/h2><h3 data-start=\"161\" data-end=\"186\">1. Verantwortlicher<\/h3><p data-start=\"187\" data-end=\"322\">JAWA-Stiftung<br data-start=\"200\" data-end=\"203\" \/>Pfarrer-Gergen-Str. 3<br data-start=\"224\" data-end=\"227\" \/>55452 R\u00fcmmelsheim<br data-start=\"244\" data-end=\"247\" \/>Deutschland<br data-start=\"258\" data-end=\"261\" \/>Telefon: +49 (0) 6721 45933<br data-start=\"288\" data-end=\"291\" \/>E-Mail: <a class=\"decorated-link cursor-pointer\" rel=\"noopener\" data-start=\"299\" data-end=\"320\">info@jawa-stiftung.de<\/a><\/p><hr data-start=\"324\" data-end=\"327\" \/><h3 data-start=\"329\" data-end=\"357\">2. Allgemeine Hinweise<\/h3><p data-start=\"358\" data-end=\"584\">Der Schutz Ihrer pers\u00f6nlichen Daten ist der JAWA-Stiftung ein wichtiges Anliegen. Personenbezogene Daten werden vertraulich und entsprechend den gesetzlichen Datenschutzvorschriften sowie dieser Datenschutzerkl\u00e4rung behandelt.<\/p><hr data-start=\"586\" data-end=\"589\" \/><h3 data-start=\"591\" data-end=\"648\">3. Erhebung und Speicherung personenbezogener Daten<\/h3><p data-start=\"649\" data-end=\"718\">Beim Besuch dieser Website werden automatisch folgende Daten erfasst:<\/p><ul data-start=\"720\" data-end=\"825\"><li data-start=\"720\" data-end=\"734\"><p data-start=\"722\" data-end=\"734\">IP-Adresse<\/p><\/li><li data-start=\"735\" data-end=\"768\"><p data-start=\"737\" data-end=\"768\">Datum und Uhrzeit der Anfrage<\/p><\/li><li data-start=\"769\" data-end=\"802\"><p data-start=\"771\" data-end=\"802\">Browsertyp und Betriebssystem<\/p><\/li><li data-start=\"803\" data-end=\"825\"><p data-start=\"805\" data-end=\"825\">aufgerufene Seiten<\/p><\/li><\/ul><p data-start=\"827\" data-end=\"1034\">Diese Daten dienen ausschlie\u00dflich der Sicherstellung eines st\u00f6rungsfreien Betriebs der Website und zur Verbesserung unseres Angebots. Eine Zusammenf\u00fchrung dieser Daten mit anderen Datenquellen erfolgt nicht.<\/p><hr data-start=\"1036\" data-end=\"1039\" \/><h3 data-start=\"1041\" data-end=\"1065\">4. Kontaktaufnahme<\/h3><p data-start=\"1066\" data-end=\"1276\">Wenn Sie uns per Telefon oder E-Mail kontaktieren, werden Ihre Angaben zwecks Bearbeitung der Anfrage und f\u00fcr den Fall von Anschlussfragen gespeichert. Diese Daten geben wir nicht ohne Ihre Einwilligung weiter.<\/p><hr data-start=\"1278\" data-end=\"1281\" \/><h3 data-start=\"1283\" data-end=\"1324\">5. Rechtsgrundlage der Verarbeitung<\/h3><p data-start=\"1325\" data-end=\"1489\">Die Verarbeitung Ihrer Daten erfolgt auf Grundlage von Art. 6 Abs. 1 lit. b, c und f DSGVO zur Erf\u00fcllung unserer Aufgaben sowie zur Wahrung berechtigter Interessen.<\/p><hr data-start=\"1491\" data-end=\"1494\" \/><h3 data-start=\"1496\" data-end=\"1525\">6. Weitergabe von Daten<\/h3><p data-start=\"1526\" data-end=\"1658\">Eine \u00dcbermittlung Ihrer pers\u00f6nlichen Daten an Dritte findet nur statt, wenn dies gesetzlich erlaubt ist oder Sie eingewilligt haben.<\/p><hr data-start=\"1660\" data-end=\"1663\" \/><h3 data-start=\"1665\" data-end=\"1685\">7. Ihre Rechte<\/h3><p data-start=\"1686\" data-end=\"1720\">Sie haben jederzeit das Recht auf:<\/p><ul data-start=\"1722\" data-end=\"1912\"><li data-start=\"1722\" data-end=\"1764\"><p data-start=\"1724\" data-end=\"1764\">Auskunft \u00fcber Ihre gespeicherten Daten<\/p><\/li><li data-start=\"1765\" data-end=\"1799\"><p data-start=\"1767\" data-end=\"1799\">Berichtigung unrichtiger Daten<\/p><\/li><li data-start=\"1800\" data-end=\"1848\"><p data-start=\"1802\" data-end=\"1848\">L\u00f6schung oder Einschr\u00e4nkung der Verarbeitung<\/p><\/li><li data-start=\"1849\" data-end=\"1887\"><p data-start=\"1851\" data-end=\"1887\">Widerspruch gegen die Verarbeitung<\/p><\/li><li data-start=\"1888\" data-end=\"1912\"><p data-start=\"1890\" data-end=\"1912\">Daten\u00fcbertragbarkeit<\/p><\/li><\/ul><p data-start=\"1914\" data-end=\"1966\">Anfragen richten Sie bitte an <a class=\"decorated-link cursor-pointer\" rel=\"noopener\" data-start=\"1944\" data-end=\"1965\">info@jawa-stiftung.de<\/a>.<\/p><hr data-start=\"1968\" data-end=\"1971\" \/><h3 data-start=\"1973\" data-end=\"1997\">8. Beschwerderecht<\/h3><p data-start=\"1998\" data-end=\"2086\">Sie haben das Recht, sich bei der zust\u00e4ndigen Datenschutzaufsichtsbeh\u00f6rde zu beschweren.<\/p><hr data-start=\"2088\" data-end=\"2091\" \/><h3 data-start=\"2093\" data-end=\"2117\">9. Datensicherheit<\/h3><p data-start=\"2118\" data-end=\"2268\">Diese Website nutzt technische und organisatorische Sicherheitsma\u00dfnahmen, um Ihre Daten vor Manipulation, Verlust oder unbefugtem Zugriff zu sch\u00fctzen.<\/p><hr data-start=\"2270\" data-end=\"2273\" \/><h3 data-start=\"2275\" data-end=\"2295\">10. \u00c4nderungen<\/h3><p data-start=\"2296\" data-end=\"2389\">Diese Datenschutzerkl\u00e4rung kann bei rechtlichen oder technischen \u00c4nderungen angepasst werden.<\/p>\t\t\t\t\t\t\t\t<\/div>\n\t\t\t\t\t<\/div>\n\t\t\t\t<\/div>\n\t\t\t\t<\/div>\n\t\t","protected":false},"excerpt":{"rendered":"<p>Datenschutzerkl\u00e4rung 1. Verantwortlicher JAWA-StiftungPfarrer-Gergen-Str. 355452 R\u00fcmmelsheimDeutschlandTelefon: +49 (0) 6721 45933E-Mail: info@jawa-stiftung.de 2. Allgemeine Hinweise Der Schutz Ihrer pers\u00f6nlichen Daten ist der JAWA-Stiftung ein wichtiges Anliegen. Personenbezogene Daten werden vertraulich und entsprechend den gesetzlichen Datenschutzvorschriften sowie dieser Datenschutzerkl\u00e4rung behandelt. 3. Erhebung und Speicherung personenbezogener Daten Beim Besuch dieser Website werden automatisch folgende Daten erfasst: IP-Adresse Datum und Uhrzeit der Anfrage Browsertyp und Betriebssystem aufgerufene Seiten Diese Daten dienen ausschlie\u00dflich der Sicherstellung eines st\u00f6rungsfreien Betriebs der Website und zur Verbesserung unseres Angebots. Eine Zusammenf\u00fchrung dieser Daten mit anderen Datenquellen erfolgt nicht. 4. Kontaktaufnahme Wenn Sie uns per Telefon oder E-Mail kontaktieren, werden Ihre Angaben zwecks Bearbeitung der Anfrage und f\u00fcr den Fall von Anschlussfragen gespeichert. Diese Daten geben wir nicht ohne Ihre Einwilligung weiter. 5. Rechtsgrundlage der Verarbeitung Die Verarbeitung Ihrer Daten erfolgt auf Grundlage von Art. 6 Abs. 1 lit. b, c und f DSGVO zur Erf\u00fcllung unserer Aufgaben sowie zur Wahrung berechtigter Interessen. 6. Weitergabe von Daten Eine \u00dcbermittlung Ihrer pers\u00f6nlichen Daten an Dritte findet nur statt, wenn dies gesetzlich erlaubt ist oder Sie eingewilligt haben. 7. Ihre Rechte Sie haben jederzeit das Recht auf: Auskunft \u00fcber Ihre gespeicherten Daten Berichtigung unrichtiger Daten L\u00f6schung oder Einschr\u00e4nkung der Verarbeitung Widerspruch gegen die Verarbeitung Daten\u00fcbertragbarkeit Anfragen richten Sie bitte an info@jawa-stiftung.de. 8. Beschwerderecht Sie haben das Recht, sich bei der zust\u00e4ndigen Datenschutzaufsichtsbeh\u00f6rde zu beschweren. 9. Datensicherheit Diese Website nutzt technische und organisatorische Sicherheitsma\u00dfnahmen, um Ihre Daten vor Manipulation, Verlust oder unbefugtem Zugriff zu sch\u00fctzen. 10. \u00c4nderungen Diese Datenschutzerkl\u00e4rung kann bei rechtlichen oder technischen \u00c4nderungen angepasst werden.<\/p>\n","protected":false},"author":1,"featured_media":0,"parent":0,"menu_order":0,"comment_status":"closed","ping_status":"closed","template":"","meta":{"footnotes":""},"class_list":["post-1102","page","type-page","status-publish","hentry"],"_links":{"self":[{"href":"https:\/\/jawa-stiftung.de\/index.php?rest_route=\/wp\/v2\/pages\/1102","targetHints":{"allow":["GET"]}}],"collection":[{"href":"https:\/\/jawa-stiftung.de\/index.php?rest_route=\/wp\/v2\/pages"}],"about":[{"href":"https:\/\/jawa-stiftung.de\/index.php?rest_route=\/wp\/v2\/types\/page"}],"author":[{"embeddable":true,"href":"https:\/\/jawa-stiftung.de\/index.php?rest_route=\/wp\/v2\/users\/1"}],"replies":[{"embeddable":true,"href":"https:\/\/jawa-stiftung.de\/index.php?rest_route=%2Fwp%2Fv2%2Fcomments&post=1102"}],"version-history":[{"count":10,"href":"https:\/\/jawa-stiftung.de\/index.php?rest_route=\/wp\/v2\/pages\/1102\/revisions"}],"predecessor-version":[{"id":2395,"href":"https:\/\/jawa-stiftung.de\/index.php?rest_route=\/wp\/v2\/pages\/1102\/revisions\/2395"}],"wp:attachment":[{"href":"https:\/\/jawa-stiftung.de\/index.php?rest_route=%2Fwp%2Fv2%2Fmedia&parent=1102"}],"curies":[{"name":"wp","href":"https:\/\/api.w.org\/{rel}","templated":true}]}}